{"id":26370,"date":"2019-05-01T20:31:26","date_gmt":"2019-05-01T19:31:26","guid":{"rendered":"https:\/\/slekt1.com\/?page_id=26370"},"modified":"2019-05-01T20:41:26","modified_gmt":"2019-05-01T19:41:26","slug":"write-for-family1","status":"publish","type":"page","link":"https:\/\/slekt1.com\/en\/skriv-for-slekt1\/","title":{"rendered":"Write for Slekt1"},"content":{"rendered":"<div class=\"wp-block-image\"><figure class=\"aligncenter\"><img decoding=\"async\" src=\"https:\/\/slekt1.com\/wp-content\/uploads\/typewriter-2242164_1280.jpg\" alt=\"\"\/><\/figure><\/div>\n\n\n\n<p>Slekt1 is looking for people with a keen interest in genealogy and\/or history. You must have a good command of Norwegian and enjoy writing in your spare time.<\/p>\n\n\n\n<p>We need people who can contribute by updating news and topics related to genealogy and history, reviewing genealogy programs, and reporting on relevant activities and projects taking place around our country and neighboring countries.<\/p>\n\n\n\n<p>Biographies of individuals, events, or general tips and tricks for those searching for their ancestors are also welcome.<\/p>\n\n\n\n<p>Is this you or someone you know?&nbsp;<\/p>\n\n\n\n<p>Tell us a little about yourself and how long you have been interested in this field. In your application, we hope you can also write a couple of things that you think would be suitable for Slekt1.<\/p>\n\n\n\n<p>The work is unpaid, but educational and fun!&nbsp;<\/p>\n\n\n\n<p>Could this be something for you? Send an email to: trygve@slekt1.com <\/p>\n\n\n\n<p>We look forward to hearing from you!<br><\/p>","protected":false},"excerpt":{"rendered":"<p>Slekt1 s\u00f8ker personer med stor interesse for slektsforskning og \/ eller historie. Du m\u00e5 v\u00e6re god i norsk og har lyst til \u00e5 drive med skriving p\u00e5 fritiden. Vi trenger personer som kan bidra med oppdatering av nyheter og temaer relatert til slektsforskning og historie, anmelde slektsprogram, samt omtale relevante aktiviteter og prosjekter som finner [&hellip;]<\/p>\n","protected":false},"author":1,"featured_media":26371,"parent":0,"menu_order":0,"comment_status":"closed","ping_status":"closed","template":"","meta":{"_acf_changed":false,"footnotes":""},"class_list":["post-26370","page","type-page","status-publish","has-post-thumbnail"],"acf":[],"_links":{"self":[{"href":"https:\/\/slekt1.com\/en\/wp-json\/wp\/v2\/pages\/26370","targetHints":{"allow":["GET"]}}],"collection":[{"href":"https:\/\/slekt1.com\/en\/wp-json\/wp\/v2\/pages"}],"about":[{"href":"https:\/\/slekt1.com\/en\/wp-json\/wp\/v2\/types\/page"}],"author":[{"embeddable":true,"href":"https:\/\/slekt1.com\/en\/wp-json\/wp\/v2\/users\/1"}],"replies":[{"embeddable":true,"href":"https:\/\/slekt1.com\/en\/wp-json\/wp\/v2\/comments?post=26370"}],"version-history":[{"count":0,"href":"https:\/\/slekt1.com\/en\/wp-json\/wp\/v2\/pages\/26370\/revisions"}],"wp:featuredmedia":[{"embeddable":true,"href":"https:\/\/slekt1.com\/en\/wp-json\/wp\/v2\/media\/26371"}],"wp:attachment":[{"href":"https:\/\/slekt1.com\/en\/wp-json\/wp\/v2\/media?parent=26370"}],"curies":[{"name":"wp","href":"https:\/\/api.w.org\/{rel}","templated":true}]}}